{"id":385,"date":"2023-01-30T13:13:30","date_gmt":"2023-01-30T13:13:30","guid":{"rendered":"http:\/\/bullkex.com\/sobre-nosotros\/"},"modified":"2023-03-15T10:17:31","modified_gmt":"2023-03-15T10:17:31","slug":"about-us","status":"publish","type":"page","link":"https:\/\/bullkex.com\/en\/about-us\/","title":{"rendered":"About us"},"content":{"rendered":"<p>[vc_row css_animation=&#8221;fadeInUp&#8221;][vc_column][vc_column_text]<\/p>\n<h2 style=\"text-align: center;\"><span style=\"color: #00ff00;\">About<\/span> us<\/h2>\n<p>[\/vc_column_text][\/vc_column][\/vc_row][vc_row css_animation=&#8221;fadeInUp&#8221; css=&#8221;.vc_custom_1678207758645{margin-bottom: 100px !important;padding-right: 5% !important;padding-left: 5% !important;}&#8221;][vc_column width=&#8221;1\/3&#8243;]<div class=\"ult-content-box-container \" >\t\t<div class=\"ult-content-box\" style=\"background-color:#dfdfdf;box-shadow: px px px px #000000 none;border-style:solid;border-width:1px;border-radius:10px;border-color:#00ff00;padding:0px;margin-top:0px;margin-right:0px;margin-bottom:-20px;margin-left:0px;-webkit-transition: all 700ms ease;-moz-transition: all 700ms ease;-ms-transition: all 700ms ease;-o-transition: all 700ms ease;transition: all 700ms ease;\"  data-hover_box_shadow=\"none\"  data-hover_border_color=\"#00ff00\"    data-normal_margins=\"margin-top:0px;margin-right:0px;margin-bottom:-20px;margin-left:0px;\"   data-bg=\"#dfdfdf\"  data-border_color=\"#00ff00\" >[vc_row_inner equal_height=&#8221;yes&#8221; content_placement=&#8221;middle&#8221;][vc_column_inner][vc_single_image image=&#8221;880&#8243; img_size=&#8221;full&#8221; alignment=&#8221;center&#8221;][vc_column_text css=&#8221;.vc_custom_1678875283446{padding-top: 10px !important;padding-bottom: 10px !important;background-color: #072843 !important;}&#8221;]<\/p>\n<h3 style=\"text-align: center;\">Miguel \u00c1ngel<br \/>\nGarc\u00eda<\/h3>\n<p style=\"text-align: center;\">CEO<\/p>\n<p>[\/vc_column_text][\/vc_column_inner][\/vc_row_inner]\t\t<\/div><\/div>[\/vc_column][vc_column width=&#8221;1\/3&#8243;]<div class=\"ult-content-box-container \" >\t\t<div class=\"ult-content-box\" style=\"background-color:#dfdfdf;box-shadow: px px px px #000000 none;border-style:solid;border-width:1px;border-radius:10px;border-color:#00ff00;padding:0px;margin-top:0px;margin-right:0px;margin-bottom:-20px;margin-left:0px;-webkit-transition: all 700ms ease;-moz-transition: all 700ms ease;-ms-transition: all 700ms ease;-o-transition: all 700ms ease;transition: all 700ms ease;\"  data-hover_box_shadow=\"none\"  data-hover_border_color=\"#00ff00\"    data-normal_margins=\"margin-top:0px;margin-right:0px;margin-bottom:-20px;margin-left:0px;\"   data-bg=\"#dfdfdf\"  data-border_color=\"#00ff00\" >[vc_row_inner equal_height=&#8221;yes&#8221; content_placement=&#8221;middle&#8221;][vc_column_inner][vc_single_image image=&#8221;872&#8243; img_size=&#8221;full&#8221; alignment=&#8221;center&#8221;][vc_column_text css=&#8221;.vc_custom_1678875312720{padding-top: 10px !important;padding-bottom: 10px !important;background-color: #072843 !important;}&#8221;]<\/p>\n<h3 style=\"text-align: center;\">Jordi<br \/>\nGarc\u00eda<\/h3>\n<p style=\"text-align: center;\">COO<\/p>\n<p>[\/vc_column_text][\/vc_column_inner][\/vc_row_inner]\t\t<\/div><\/div>[\/vc_column][vc_column width=&#8221;1\/3&#8243;]<div class=\"ult-content-box-container \" >\t\t<div class=\"ult-content-box\" style=\"background-color:#dfdfdf;box-shadow: px px px px #000000 none;border-style:solid;border-width:1px;border-radius:10px;border-color:#00ff00;padding:0px;margin-top:0px;margin-right:0px;margin-bottom:-20px;margin-left:0px;-webkit-transition: all 700ms ease;-moz-transition: all 700ms ease;-ms-transition: all 700ms ease;-o-transition: all 700ms ease;transition: all 700ms ease;\"  data-hover_box_shadow=\"none\"  data-hover_border_color=\"#00ff00\"    data-normal_margins=\"margin-top:0px;margin-right:0px;margin-bottom:-20px;margin-left:0px;\"   data-bg=\"#dfdfdf\"  data-border_color=\"#00ff00\" >[vc_row_inner equal_height=&#8221;yes&#8221; content_placement=&#8221;middle&#8221;][vc_column_inner][vc_single_image image=&#8221;874&#8243; img_size=&#8221;full&#8221; alignment=&#8221;center&#8221;][vc_column_text css=&#8221;.vc_custom_1678875324073{padding-top: 10px !important;padding-bottom: 10px !important;background-color: #072843 !important;}&#8221;]<\/p>\n<h3 style=\"text-align: center;\">David<br \/>\nPineda<\/h3>\n<p style=\"text-align: center;\">CCO<\/p>\n<p>[\/vc_column_text][\/vc_column_inner][\/vc_row_inner]\t\t<\/div><\/div>[\/vc_column][\/vc_row][vc_row css_animation=&#8221;fadeInUp&#8221; css=&#8221;.vc_custom_1678205230904{margin-bottom: 140px !important;padding-right: 5% !important;padding-left: 5% !important;}&#8221;][vc_column width=&#8221;1\/3&#8243;]<div class=\"ult-content-box-container \" >\t\t<div class=\"ult-content-box\" style=\"background-color:#dfdfdf;box-shadow: px px px px #000000 none;border-style:solid;border-width:1px;border-radius:10px;border-color:#00ff00;padding:0px;margin-top:0px;margin-right:0px;margin-bottom:-20px;margin-left:0px;-webkit-transition: all 700ms ease;-moz-transition: all 700ms ease;-ms-transition: all 700ms ease;-o-transition: all 700ms ease;transition: all 700ms ease;\"  data-hover_box_shadow=\"none\"  data-hover_border_color=\"#00ff00\"    data-normal_margins=\"margin-top:0px;margin-right:0px;margin-bottom:-20px;margin-left:0px;\"   data-bg=\"#dfdfdf\"  data-border_color=\"#00ff00\" >[vc_row_inner equal_height=&#8221;yes&#8221; content_placement=&#8221;middle&#8221;][vc_column_inner][vc_single_image image=&#8221;878&#8243; img_size=&#8221;full&#8221; alignment=&#8221;center&#8221;][vc_column_text css=&#8221;.vc_custom_1678875344301{padding-top: 10px !important;padding-bottom: 10px !important;background-color: #072843 !important;}&#8221;]<\/p>\n<h3 style=\"text-align: center;\">Jos\u00e9 Antonio<br \/>\nFenoy<\/h3>\n<p style=\"text-align: center;\">CMO<\/p>\n<p>[\/vc_column_text][\/vc_column_inner][\/vc_row_inner]\t\t<\/div><\/div>[\/vc_column][vc_column width=&#8221;1\/3&#8243;]<div class=\"ult-content-box-container \" >\t\t<div class=\"ult-content-box\" style=\"background-color:#dfdfdf;box-shadow: px px px px #000000 none;border-style:solid;border-width:1px;border-radius:10px;border-color:#00ff00;padding:0px;margin-top:0px;margin-right:0px;margin-bottom:-20px;margin-left:0px;-webkit-transition: all 700ms ease;-moz-transition: all 700ms ease;-ms-transition: all 700ms ease;-o-transition: all 700ms ease;transition: all 700ms ease;\"  data-hover_box_shadow=\"none\"  data-hover_border_color=\"#00ff00\"    data-normal_margins=\"margin-top:0px;margin-right:0px;margin-bottom:-20px;margin-left:0px;\"   data-bg=\"#dfdfdf\"  data-border_color=\"#00ff00\" >[vc_row_inner equal_height=&#8221;yes&#8221; content_placement=&#8221;middle&#8221;][vc_column_inner][vc_single_image image=&#8221;870&#8243; img_size=&#8221;full&#8221; alignment=&#8221;center&#8221;][vc_column_text css=&#8221;.vc_custom_1678875360451{padding-top: 10px !important;padding-bottom: 10px !important;background-color: #072843 !important;}&#8221;]<\/p>\n<h3 style=\"text-align: center;\">James<br \/>\nCanepa<\/h3>\n<p style=\"text-align: center;\">CLO &amp; Compliance<\/p>\n<p>[\/vc_column_text][\/vc_column_inner][\/vc_row_inner]\t\t<\/div><\/div>[\/vc_column][vc_column width=&#8221;1\/3&#8243;]<div class=\"ult-content-box-container \" >\t\t<div class=\"ult-content-box\" style=\"background-color:#dfdfdf;box-shadow: px px px px #000000 none;border-style:solid;border-width:1px;border-radius:10px;border-color:#00ff00;padding:0px;margin-top:0px;margin-right:0px;margin-bottom:-20px;margin-left:0px;-webkit-transition: all 700ms ease;-moz-transition: all 700ms ease;-ms-transition: all 700ms ease;-o-transition: all 700ms ease;transition: all 700ms ease;\"  data-hover_box_shadow=\"none\"  data-hover_border_color=\"#00ff00\"    data-normal_margins=\"margin-top:0px;margin-right:0px;margin-bottom:-20px;margin-left:0px;\"   data-bg=\"#dfdfdf\"  data-border_color=\"#00ff00\" >[vc_row_inner equal_height=&#8221;yes&#8221; content_placement=&#8221;middle&#8221;][vc_column_inner][vc_single_image image=&#8221;876&#8243; img_size=&#8221;full&#8221; alignment=&#8221;center&#8221;][vc_column_text css=&#8221;.vc_custom_1678875388292{padding-top: 10px !important;padding-bottom: 10px !important;background-color: #072843 !important;}&#8221;]<\/p>\n<h3 style=\"text-align: center;\">Jeferson<br \/>\nSalvador<\/h3>\n<p style=\"text-align: center;\">CTO<\/p>\n<p>[\/vc_column_text][\/vc_column_inner][\/vc_row_inner]\t\t<\/div><\/div>[\/vc_column][\/vc_row][vc_row css_animation=&#8221;fadeInUp&#8221; css=&#8221;.vc_custom_1676336928750{margin-top: 40px !important;margin-bottom: 40px !important;padding-right: 5% !important;padding-left: 5% !important;}&#8221;][vc_column]<div class=\"ult-content-box-container \" >\t\t<div class=\"ult-content-box\" style=\"background-color:#072843;box-shadow: px px px px #000000 none;border-style:solid;border-width:1px;border-radius:10px;border-color:#00ff00;padding-top:40px;padding-right:50px;padding-bottom:10px;padding-left:50px;-webkit-transition: all 700ms ease;-moz-transition: all 700ms ease;-ms-transition: all 700ms ease;-o-transition: all 700ms ease;transition: all 700ms ease;\"  data-hover_box_shadow=\"none\"  data-hover_border_color=\"#00ff00\"     data-bg=\"#072843\"  data-border_color=\"#00ff00\" >[vc_column_text]<\/p>\n<h3 style=\"text-align: center;\">Honesty, transparency and security<\/h3>\n<p>[\/vc_column_text][vc_row_inner equal_height=&#8221;yes&#8221; content_placement=&#8221;top&#8221; gap=&#8221;35&#8243;][vc_column_inner width=&#8221;1\/2&#8243;][vc_column_text]<\/p>\n<ul>\n<li>\n<div><span style=\"color: #00ff00;\"><strong>Bullkex\u2019<\/strong><\/span> operational purpose is to meet the highest regulatory industry standards.<\/div>\n<\/li>\n<li>\n<div>Establish strong, trusted relationships with its community of financial institutions and experienced investors to understand their needs and wishes in the digital asset investment sector.<\/div>\n<\/li>\n<\/ul>\n<p>[\/vc_column_text][\/vc_column_inner][vc_column_inner width=&#8221;1\/2&#8243;][vc_column_text]<\/p>\n<ul>\n<li>\n<div>Continuously develop the platform to meet the demands and requirements of our customer community and Regulators.<\/div>\n<\/li>\n<li>\n<div>Endlessly monitor and develop cyber security.<\/div>\n<\/li>\n<li>\n<div>Promote investor education, awareness and interest in digital asset investments.<\/div>\n<\/li>\n<li>\n<div>Provides direct and private customer support.<\/div>\n<\/li>\n<\/ul>\n<p>[\/vc_column_text][\/vc_column_inner][\/vc_row_inner]\t\t<\/div><\/div>[\/vc_column][\/vc_row][vc_row full_height=&#8221;yes&#8221; columns_placement=&#8221;top&#8221; equal_height=&#8221;yes&#8221; css_animation=&#8221;fadeInUp&#8221; css=&#8221;.vc_custom_1678209142911{margin-top: 40px !important;margin-bottom: 40px !important;padding-right: 5% !important;padding-left: 5% !important;}&#8221;][vc_column width=&#8221;1\/2&#8243;]<div class=\"ult-content-box-container caja\" >\t\t<div class=\"ult-content-box\" style=\"background-color:#072843;box-shadow: px px px px #000000 none;border-style:solid;border-width:1px;border-radius:10px;border-color:#00ff00;padding-top:40px;padding-right:50px;padding-bottom:10px;padding-left:50px;-webkit-transition: all 700ms ease;-moz-transition: all 700ms ease;-ms-transition: all 700ms ease;-o-transition: all 700ms ease;transition: all 700ms ease;\"  data-hover_box_shadow=\"none\"  data-hover_border_color=\"#00ff00\"     data-bg=\"#072843\"  data-border_color=\"#00ff00\" >[vc_row_inner equal_height=&#8221;yes&#8221; content_placement=&#8221;middle&#8221; gap=&#8221;35&#8243;][vc_column_inner][vc_single_image image=&#8221;528&#8243; img_size=&#8221;full&#8221; alignment=&#8221;center&#8221;][vc_column_text]<\/p>\n<h3 style=\"text-align: center;\">Team<\/h3>\n<p style=\"text-align: center;\">Bullkex is founded by experienced professionals in the financial services and distributed ledger technology industries.<\/p>\n<p style=\"text-align: center;\">Our team are employing their knowledge and skills sets to the new digital asset marketplace.<\/p>\n<p>[\/vc_column_text][\/vc_column_inner][\/vc_row_inner]\t\t<\/div><\/div>[\/vc_column][vc_column width=&#8221;1\/2&#8243;]<div class=\"ult-content-box-container caja\" >\t\t<div class=\"ult-content-box\" style=\"background-color:#072843;box-shadow: px px px px #000000 none;border-style:solid;border-width:1px;border-radius:10px;border-color:#00ff00;padding-top:40px;padding-right:50px;padding-bottom:10px;padding-left:50px;-webkit-transition: all 700ms ease;-moz-transition: all 700ms ease;-ms-transition: all 700ms ease;-o-transition: all 700ms ease;transition: all 700ms ease;\"  data-hover_box_shadow=\"none\"  data-hover_border_color=\"#00ff00\"     data-bg=\"#072843\"  data-border_color=\"#00ff00\" >[vc_row_inner equal_height=&#8221;yes&#8221; content_placement=&#8221;top&#8221; gap=&#8221;35&#8243;][vc_column_inner][vc_single_image image=&#8221;550&#8243; img_size=&#8221;full&#8221; alignment=&#8221;center&#8221;][vc_column_text]<\/p>\n<h3 style=\"text-align: center;\">Careers<\/h3>\n<p style=\"text-align: center;\">Be part of our team:<\/p>\n<p>[\/vc_column_text][vc_btn title=&#8221;DISCOVER&#8221; style=&#8221;custom&#8221; custom_background=&#8221;#00ff00&#8243; custom_text=&#8221;#000000&#8243; align=&#8221;center&#8221; link=&#8221;url:mailto%3Ainfo%40bullkex.com|target:_blank&#8221;][\/vc_column_inner][\/vc_row_inner]\t\t<\/div><\/div>[\/vc_column][\/vc_row][vc_row full_width=&#8221;stretch_row&#8221; css_animation=&#8221;fadeInUp&#8221; disable_element=&#8221;yes&#8221; css=&#8221;.vc_custom_1677177407020{padding-top: 50px !important;padding-right: 15% !important;padding-left: 15% !important;}&#8221;][vc_column][vc_row_inner][vc_column_inner][vc_column_text]<\/p>\n<h2 style=\"text-align: center;\">Trabaja con nosotros<\/h2>\n<p>[\/vc_column_text][\/vc_column_inner][\/vc_row_inner][vc_row_inner gap=&#8221;20&#8243;][vc_column_inner width=&#8221;1\/3&#8243;][vc_single_image image=&#8221;578&#8243; img_size=&#8221;full&#8221; alignment=&#8221;center&#8221; el_class=&#8221;icono&#8221;][vc_column_text]<\/p>\n<h2 style=\"text-align: center;\">Contamos con suficiente liquidez<\/h2>\n<p style=\"text-align: center;\"><span style=\"font-size: 10pt;\">Todas las criptomonedas disponibles en Bullkex est\u00e1n respaldadas una a una con sus wallets, permitiendo que puedas retirar tu dinero en todo momento. Adem\u00e1s, contamos con liquidez suficiente para ello.<\/span><\/p>\n<p>[\/vc_column_text][\/vc_column_inner][vc_column_inner width=&#8221;1\/3&#8243;][vc_single_image image=&#8221;580&#8243; img_size=&#8221;full&#8221; alignment=&#8221;center&#8221; el_class=&#8221;icono&#8221;][vc_column_text]<\/p>\n<h2 style=\"text-align: center;\">No usamos sus fondos<\/h2>\n<p style=\"text-align: center;\"><span style=\"font-size: 10pt;\">Nunca hemos pedido un pr\u00e9stamo colateralizado y no compartimos esta pr\u00e1ctica realizada por otros actores del sector. Queremos remarcar que no manejamos tus criptoactivos a no ser que nos lo solicites.<\/span><\/p>\n<p>[\/vc_column_text][\/vc_column_inner][vc_column_inner width=&#8221;1\/3&#8243;][vc_single_image image=&#8221;582&#8243; img_size=&#8221;full&#8221; alignment=&#8221;center&#8221; el_class=&#8221;icono&#8221;][vc_column_text]<\/p>\n<h2 style=\"text-align: center;\">Publicamos nuestras finanzas<\/h2>\n<p style=\"text-align: center;\"><span style=\"font-size: 10pt;\">Puedes consultar c\u00f3mo manejamos los criptoactivos, ya que nuestras finanzas son p\u00fablicas y estamos regulados en diferentes pa\u00edses Europeos. Adem\u00e1s contamos con el apoyo institucional.<\/span><\/p>\n<p>[\/vc_column_text][\/vc_column_inner][\/vc_row_inner][\/vc_column][\/vc_row]<\/p>\n","protected":false},"excerpt":{"rendered":"<p>[vc_row css_animation=&#8221;fadeInUp&#8221;][vc_column][vc_column_text] About us [\/vc_column_text][\/vc_column][\/vc_row][vc_row css_animation=&#8221;fadeInUp&#8221; css=&#8221;.vc_custom_1678207758645{margin-bottom: 100px !important;padding-right: 5% !important;padding-left: 5% !important;}&#8221;][vc_column width=&#8221;1\/3&#8243;][\/vc_column][vc_column width=&#8221;1\/3&#8243;][\/vc_column][vc_column width=&#8221;1\/3&#8243;][\/vc_column][\/vc_row][vc_row css_animation=&#8221;fadeInUp&#8221; css=&#8221;.vc_custom_1678205230904{margin-bottom: 140px !important;padding-right: 5% !important;padding-left: 5% !important;}&#8221;][vc_column width=&#8221;1\/3&#8243;][\/vc_column][vc_column width=&#8221;1\/3&#8243;][\/vc_column][vc_column width=&#8221;1\/3&#8243;][\/vc_column][\/vc_row][vc_row css_animation=&#8221;fadeInUp&#8221; css=&#8221;.vc_custom_1676336928750{margin-top: 40px !important;margin-bottom: 40px !important;padding-right: 5% !important;padding-left: 5% !important;}&#8221;][vc_column][\/vc_column][\/vc_row][vc_row full_height=&#8221;yes&#8221; columns_placement=&#8221;top&#8221; equal_height=&#8221;yes&#8221; css_animation=&#8221;fadeInUp&#8221; css=&#8221;.vc_custom_1678209142911{margin-top: 40px !important;margin-bottom: 40px !important;padding-right: 5% !important;padding-left: 5% !important;}&#8221;][vc_column &hellip;<\/p>\n<p class=\"read-more\"> <a class=\"\" href=\"https:\/\/bullkex.com\/en\/about-us\/\"> <span class=\"screen-reader-text\">About us<\/span>Read More &raquo;<\/a><\/p>\n","protected":false},"author":1,"featured_media":0,"parent":0,"menu_order":0,"comment_status":"closed","ping_status":"closed","template":"","meta":{"footnotes":""},"class_list":["post-385","page","type-page","status-publish","hentry"],"_links":{"self":[{"href":"https:\/\/bullkex.com\/en\/wp-json\/wp\/v2\/pages\/385","targetHints":{"allow":["GET"]}}],"collection":[{"href":"https:\/\/bullkex.com\/en\/wp-json\/wp\/v2\/pages"}],"about":[{"href":"https:\/\/bullkex.com\/en\/wp-json\/wp\/v2\/types\/page"}],"author":[{"embeddable":true,"href":"https:\/\/bullkex.com\/en\/wp-json\/wp\/v2\/users\/1"}],"replies":[{"embeddable":true,"href":"https:\/\/bullkex.com\/en\/wp-json\/wp\/v2\/comments?post=385"}],"version-history":[{"count":11,"href":"https:\/\/bullkex.com\/en\/wp-json\/wp\/v2\/pages\/385\/revisions"}],"predecessor-version":[{"id":912,"href":"https:\/\/bullkex.com\/en\/wp-json\/wp\/v2\/pages\/385\/revisions\/912"}],"wp:attachment":[{"href":"https:\/\/bullkex.com\/en\/wp-json\/wp\/v2\/media?parent=385"}],"curies":[{"name":"wp","href":"https:\/\/api.w.org\/{rel}","templated":true}]}}